{"id":6862,"date":"2022-01-24T09:13:36","date_gmt":"2022-01-24T09:13:36","guid":{"rendered":"https:\/\/esg2go.org\/impronta\/"},"modified":"2024-06-13T18:48:27","modified_gmt":"2024-06-13T18:48:27","slug":"impronta","status":"publish","type":"page","link":"https:\/\/esg2go.org\/it\/impronta\/","title":{"rendered":"Impronta"},"content":{"rendered":"<p>[et_pb_section fb_built=&#8221;1&#8243; admin_label=&#8221;1.absatz&#8221; _builder_version=&#8221;4.25.1&#8243; background_color=&#8221;#FFFFFF&#8221; animation_style=&#8221;slide&#8221; animation_direction=&#8221;bottom&#8221; animation_delay=&#8221;100ms&#8221; animation_intensity_slide=&#8221;12%&#8221; animation_starting_opacity=&#8221;80%&#8221; locked=&#8221;off&#8221; global_colors_info=&#8221;{}&#8221;][et_pb_row disabled_on=&#8221;off|off|off&#8221; _builder_version=&#8221;4.16&#8243; global_colors_info=&#8221;{}&#8221;][et_pb_column type=&#8221;4_4&#8243; _builder_version=&#8221;4.16&#8243; global_colors_info=&#8221;{}&#8221;][et_pb_text _builder_version=&#8221;4.25.1&#8243; text_font_size=&#8221;22px&#8221; text_line_height=&#8221;1.8em&#8221; header_font=&#8221;Heebo|900|||||||&#8221; header_text_color=&#8221;#5869BD&#8221; header_font_size=&#8221;66px&#8221; header_2_font=&#8221;Heebo|900|||||||&#8221; header_2_font_size=&#8221;48px&#8221; header_2_line_height=&#8221;1.3em&#8221; header_3_font_size=&#8221;36px&#8221; custom_padding_tablet=&#8221;|||0px|false|false&#8221; custom_padding_last_edited=&#8221;off|desktop&#8221; text_font_size_tablet=&#8221;20px&#8221; text_font_size_phone=&#8221;18px&#8221; text_font_size_last_edited=&#8221;on|phone&#8221; header_font_size_tablet=&#8221;48px&#8221; header_font_size_phone=&#8221;32px&#8221; header_font_size_last_edited=&#8221;on|tablet&#8221; header_2_font_size_tablet=&#8221;40px&#8221; header_2_font_size_phone=&#8221;32px&#8221; header_2_font_size_last_edited=&#8221;on|desktop&#8221; header_3_font_size_tablet=&#8221;28px&#8221; header_3_font_size_phone=&#8221;24px&#8221; header_3_font_size_last_edited=&#8221;on|phone&#8221; locked=&#8221;off&#8221; global_colors_info=&#8221;{}&#8221;]<\/p>\n<h1>Impronta<span><\/span><\/h1>\n<p>[\/et_pb_text][\/et_pb_column][\/et_pb_row][\/et_pb_section][et_pb_section fb_built=&#8221;1&#8243; admin_label=&#8221;Features&#8221; _builder_version=&#8221;4.16&#8243; global_colors_info=&#8221;{}&#8221;][et_pb_row _builder_version=&#8221;4.16&#8243; locked=&#8221;off&#8221; global_colors_info=&#8221;{}&#8221;][et_pb_column type=&#8221;4_4&#8243; _builder_version=&#8221;4.16&#8243; global_colors_info=&#8221;{}&#8221;][et_pb_text _builder_version=&#8221;4.21.0&#8243; text_font_size=&#8221;18px&#8221; text_line_height=&#8221;1.8em&#8221; header_2_font=&#8221;Heebo|900|||||||&#8221; header_2_font_size=&#8221;42px&#8221; header_2_letter_spacing=&#8221;1px&#8221; header_2_line_height=&#8221;1.3em&#8221; custom_padding_tablet=&#8221;|||0px|false|false&#8221; custom_padding_last_edited=&#8221;off|desktop&#8221; text_font_size_tablet=&#8221;18px&#8221; text_font_size_phone=&#8221;16px&#8221; text_font_size_last_edited=&#8221;on|phone&#8221; header_2_font_size_tablet=&#8221;32px&#8221; header_2_font_size_phone=&#8221;28px&#8221; header_2_font_size_last_edited=&#8221;on|phone&#8221; locked=&#8221;off&#8221; global_colors_info=&#8221;{}&#8221;]<\/p>\n<h2>Indirizzo di contatto<\/h2>\n<p>Adjumed Services AG<br \/>Birmensdorferstrasse 470<br \/>8055 Zurigo<br \/>Svizzera<\/p>\n<p>e-mail:<br \/><a href=\"mailto:impressum@esg2go.com\">impressum@esg2go.com<\/a><\/p>\n<h2>Rappresentante\/i autorizzato\/i<\/h2>\n<p>Dott. Luzi Rageth, CEO<\/p>\n<h2>Iscrizione al registro delle imprese<\/h2>\n<p>Nome della societ\u00e0 registrata:<br \/><strong>Adjumed Services AG<\/strong><\/p>\n<p>Numero di azienda (UID):<br \/><strong>CHE-108.465.076<\/strong><\/p>\n<p>Partita IVA<br \/><strong>CHE-108.465.076 MWST<\/strong><\/p>\n<h2>Contatto tecnico<\/h2>\n<p>Pratica Amplus WP<br \/><a href=\"https:\/\/amplus.ch\/\" target=\"_blank\" rel=\"noopener\">https:\/\/amplus.ch\/<\/a><\/p>\n<h2>Esclusione di responsabilit\u00e0<\/h2>\n<p>L&#8217;autore non si assume alcuna responsabilit\u00e0 in merito alla correttezza, all&#8217;accuratezza, all&#8217;aggiornamento, all&#8217;affidabilit\u00e0 e alla completezza delle informazioni.<\/p>\n<p>Sono escluse richieste di responsabilit\u00e0 nei confronti dell&#8217;autore per danni materiali o immateriali derivanti dall&#8217;accesso, dall&#8217;uso o dal mancato uso delle informazioni pubblicate, dall&#8217;uso improprio della connessione o da guasti tecnici.<\/p>\n<p>Tutte le offerte non sono vincolanti. L&#8217;autore si riserva espressamente il diritto di modificare, integrare o cancellare parti delle pagine o l&#8217;intera offerta senza alcun preavviso o di interrompere la pubblicazione temporaneamente o definitivamente.<\/p>\n<h2>Disclaimer per i link<\/h2>\n<p>I riferimenti e i link a siti web di terzi non rientrano nella nostra sfera di responsabilit\u00e0. Si declina ogni responsabilit\u00e0 per tali siti web. L&#8217;accesso e l&#8217;utilizzo di tali siti web \u00e8 a rischio dell&#8217;utente.<\/p>\n<h2>Diritti d&#8217;autore<\/h2>\n<p>I diritti d&#8217;autore e tutti gli altri diritti su contenuti, immagini, foto o altri file presenti in questo sito web appartengono esclusivamente <strong>ad Adjumed Services AG<\/strong> o ai titolari dei diritti specificamente indicati. Per la riproduzione di qualsiasi elemento \u00e8 necessario ottenere preventivamente il consenso scritto del titolare del copyright.<\/p>\n<p>Fonte: <a href=\"https:\/\/www.swissanwalt.ch\/\" target=\"_blank\" rel=\"noopener\">SwissAnwalt<\/a><\/p>\n<p>[\/et_pb_text][\/et_pb_column][\/et_pb_row][\/et_pb_section]<\/p>\n","protected":false},"excerpt":{"rendered":"<p>ImprontaIndirizzo di contatto Adjumed Services AGBirmensdorferstrasse 4708055 ZurigoSvizzera e-mail:impressum@esg2go.com Rappresentante\/i autorizzato\/i Dott. Luzi Rageth, CEO Iscrizione al registro delle imprese Nome della societ\u00e0 registrata:Adjumed Services AG Numero di azienda (UID):CHE-108.465.076 Partita IVACHE-108.465.076 MWST Contatto tecnico Pratica Amplus WPhttps:\/\/amplus.ch\/ Esclusione di responsabilit\u00e0 L&#8217;autore non si assume alcuna responsabilit\u00e0 in merito alla correttezza, all&#8217;accuratezza, all&#8217;aggiornamento, all&#8217;affidabilit\u00e0 e [&hellip;]<\/p>\n","protected":false},"author":1,"featured_media":0,"parent":0,"menu_order":0,"comment_status":"closed","ping_status":"closed","template":"","meta":{"_et_pb_use_builder":"on","_et_pb_old_content":"","_et_gb_content_width":"","footnotes":""},"class_list":["post-6862","page","type-page","status-publish","hentry"],"yoast_head":"<!-- This site is optimized with the Yoast SEO plugin v27.3 - https:\/\/yoast.com\/product\/yoast-seo-wordpress\/ -->\n<title>Impronta | esg2go<\/title>\n<meta name=\"robots\" content=\"index, follow, max-snippet:-1, max-image-preview:large, max-video-preview:-1\" \/>\n<link rel=\"canonical\" href=\"https:\/\/esg2go.org\/it\/impronta\/\" \/>\n<meta property=\"og:locale\" content=\"it_IT\" \/>\n<meta property=\"og:type\" content=\"article\" \/>\n<meta property=\"og:title\" content=\"Impronta | esg2go\" \/>\n<meta property=\"og:description\" content=\"ImprontaIndirizzo di contatto Adjumed Services AGBirmensdorferstrasse 4708055 ZurigoSvizzera e-mail:impressum@esg2go.com Rappresentante\/i autorizzato\/i Dott. Luzi Rageth, CEO Iscrizione al registro delle imprese Nome della societ\u00e0 registrata:Adjumed Services AG Numero di azienda (UID):CHE-108.465.076 Partita IVACHE-108.465.076 MWST Contatto tecnico Pratica Amplus WPhttps:\/\/amplus.ch\/ Esclusione di responsabilit\u00e0 L&#039;autore non si assume alcuna responsabilit\u00e0 in merito alla correttezza, all&#039;accuratezza, all&#039;aggiornamento, all&#039;affidabilit\u00e0 e [&hellip;]\" \/>\n<meta property=\"og:url\" content=\"https:\/\/esg2go.org\/it\/impronta\/\" \/>\n<meta property=\"og:site_name\" content=\"esg2go\" \/>\n<meta property=\"article:modified_time\" content=\"2024-06-13T18:48:27+00:00\" \/>\n<meta name=\"twitter:card\" content=\"summary_large_image\" \/>\n<meta name=\"twitter:label1\" content=\"Tempo di lettura stimato\" \/>\n\t<meta name=\"twitter:data1\" content=\"3 minuti\" \/>\n<script type=\"application\/ld+json\" class=\"yoast-schema-graph\">{\"@context\":\"https:\\\/\\\/schema.org\",\"@graph\":[{\"@type\":\"WebPage\",\"@id\":\"https:\\\/\\\/esg2go.org\\\/it\\\/impronta\\\/\",\"url\":\"https:\\\/\\\/esg2go.org\\\/it\\\/impronta\\\/\",\"name\":\"Impronta | esg2go\",\"isPartOf\":{\"@id\":\"https:\\\/\\\/esg2go.org\\\/it\\\/#website\"},\"datePublished\":\"2022-01-24T09:13:36+00:00\",\"dateModified\":\"2024-06-13T18:48:27+00:00\",\"breadcrumb\":{\"@id\":\"https:\\\/\\\/esg2go.org\\\/it\\\/impronta\\\/#breadcrumb\"},\"inLanguage\":\"it-IT\",\"potentialAction\":[{\"@type\":\"ReadAction\",\"target\":[\"https:\\\/\\\/esg2go.org\\\/it\\\/impronta\\\/\"]}]},{\"@type\":\"BreadcrumbList\",\"@id\":\"https:\\\/\\\/esg2go.org\\\/it\\\/impronta\\\/#breadcrumb\",\"itemListElement\":[{\"@type\":\"ListItem\",\"position\":1,\"name\":\"Startseite\",\"item\":\"https:\\\/\\\/esg2go.org\\\/it\\\/homepage-esg2go\\\/\"},{\"@type\":\"ListItem\",\"position\":2,\"name\":\"Impronta\"}]},{\"@type\":\"WebSite\",\"@id\":\"https:\\\/\\\/esg2go.org\\\/it\\\/#website\",\"url\":\"https:\\\/\\\/esg2go.org\\\/it\\\/\",\"name\":\"esg2go\",\"description\":\"Der einfache Nachhaltigkeitsnachweis f\u00fcr KMU\",\"publisher\":{\"@id\":\"https:\\\/\\\/esg2go.org\\\/it\\\/#organization\"},\"potentialAction\":[{\"@type\":\"SearchAction\",\"target\":{\"@type\":\"EntryPoint\",\"urlTemplate\":\"https:\\\/\\\/esg2go.org\\\/it\\\/?s={search_term_string}\"},\"query-input\":{\"@type\":\"PropertyValueSpecification\",\"valueRequired\":true,\"valueName\":\"search_term_string\"}}],\"inLanguage\":\"it-IT\"},{\"@type\":\"Organization\",\"@id\":\"https:\\\/\\\/esg2go.org\\\/it\\\/#organization\",\"name\":\"esg2go\",\"url\":\"https:\\\/\\\/esg2go.org\\\/it\\\/\",\"logo\":{\"@type\":\"ImageObject\",\"inLanguage\":\"it-IT\",\"@id\":\"https:\\\/\\\/esg2go.org\\\/it\\\/#\\\/schema\\\/logo\\\/image\\\/\",\"url\":\"https:\\\/\\\/esg2go.org\\\/wp-content\\\/uploads\\\/2024\\\/05\\\/favicon-esg2go.png\",\"contentUrl\":\"https:\\\/\\\/esg2go.org\\\/wp-content\\\/uploads\\\/2024\\\/05\\\/favicon-esg2go.png\",\"width\":512,\"height\":512,\"caption\":\"esg2go\"},\"image\":{\"@id\":\"https:\\\/\\\/esg2go.org\\\/it\\\/#\\\/schema\\\/logo\\\/image\\\/\"},\"sameAs\":[\"https:\\\/\\\/www.linkedin.com\\\/company\\\/esg2go\"]}]}<\/script>\n<!-- \/ Yoast SEO plugin. -->","yoast_head_json":{"title":"Impronta | esg2go","robots":{"index":"index","follow":"follow","max-snippet":"max-snippet:-1","max-image-preview":"max-image-preview:large","max-video-preview":"max-video-preview:-1"},"canonical":"https:\/\/esg2go.org\/it\/impronta\/","og_locale":"it_IT","og_type":"article","og_title":"Impronta | esg2go","og_description":"ImprontaIndirizzo di contatto Adjumed Services AGBirmensdorferstrasse 4708055 ZurigoSvizzera e-mail:impressum@esg2go.com Rappresentante\/i autorizzato\/i Dott. Luzi Rageth, CEO Iscrizione al registro delle imprese Nome della societ\u00e0 registrata:Adjumed Services AG Numero di azienda (UID):CHE-108.465.076 Partita IVACHE-108.465.076 MWST Contatto tecnico Pratica Amplus WPhttps:\/\/amplus.ch\/ Esclusione di responsabilit\u00e0 L'autore non si assume alcuna responsabilit\u00e0 in merito alla correttezza, all'accuratezza, all'aggiornamento, all'affidabilit\u00e0 e [&hellip;]","og_url":"https:\/\/esg2go.org\/it\/impronta\/","og_site_name":"esg2go","article_modified_time":"2024-06-13T18:48:27+00:00","twitter_card":"summary_large_image","twitter_misc":{"Tempo di lettura stimato":"3 minuti"},"schema":{"@context":"https:\/\/schema.org","@graph":[{"@type":"WebPage","@id":"https:\/\/esg2go.org\/it\/impronta\/","url":"https:\/\/esg2go.org\/it\/impronta\/","name":"Impronta | esg2go","isPartOf":{"@id":"https:\/\/esg2go.org\/it\/#website"},"datePublished":"2022-01-24T09:13:36+00:00","dateModified":"2024-06-13T18:48:27+00:00","breadcrumb":{"@id":"https:\/\/esg2go.org\/it\/impronta\/#breadcrumb"},"inLanguage":"it-IT","potentialAction":[{"@type":"ReadAction","target":["https:\/\/esg2go.org\/it\/impronta\/"]}]},{"@type":"BreadcrumbList","@id":"https:\/\/esg2go.org\/it\/impronta\/#breadcrumb","itemListElement":[{"@type":"ListItem","position":1,"name":"Startseite","item":"https:\/\/esg2go.org\/it\/homepage-esg2go\/"},{"@type":"ListItem","position":2,"name":"Impronta"}]},{"@type":"WebSite","@id":"https:\/\/esg2go.org\/it\/#website","url":"https:\/\/esg2go.org\/it\/","name":"esg2go","description":"Der einfache Nachhaltigkeitsnachweis f\u00fcr KMU","publisher":{"@id":"https:\/\/esg2go.org\/it\/#organization"},"potentialAction":[{"@type":"SearchAction","target":{"@type":"EntryPoint","urlTemplate":"https:\/\/esg2go.org\/it\/?s={search_term_string}"},"query-input":{"@type":"PropertyValueSpecification","valueRequired":true,"valueName":"search_term_string"}}],"inLanguage":"it-IT"},{"@type":"Organization","@id":"https:\/\/esg2go.org\/it\/#organization","name":"esg2go","url":"https:\/\/esg2go.org\/it\/","logo":{"@type":"ImageObject","inLanguage":"it-IT","@id":"https:\/\/esg2go.org\/it\/#\/schema\/logo\/image\/","url":"https:\/\/esg2go.org\/wp-content\/uploads\/2024\/05\/favicon-esg2go.png","contentUrl":"https:\/\/esg2go.org\/wp-content\/uploads\/2024\/05\/favicon-esg2go.png","width":512,"height":512,"caption":"esg2go"},"image":{"@id":"https:\/\/esg2go.org\/it\/#\/schema\/logo\/image\/"},"sameAs":["https:\/\/www.linkedin.com\/company\/esg2go"]}]}},"_links":{"self":[{"href":"https:\/\/esg2go.org\/it\/wp-json\/wp\/v2\/pages\/6862","targetHints":{"allow":["GET"]}}],"collection":[{"href":"https:\/\/esg2go.org\/it\/wp-json\/wp\/v2\/pages"}],"about":[{"href":"https:\/\/esg2go.org\/it\/wp-json\/wp\/v2\/types\/page"}],"author":[{"embeddable":true,"href":"https:\/\/esg2go.org\/it\/wp-json\/wp\/v2\/users\/1"}],"replies":[{"embeddable":true,"href":"https:\/\/esg2go.org\/it\/wp-json\/wp\/v2\/comments?post=6862"}],"version-history":[{"count":8,"href":"https:\/\/esg2go.org\/it\/wp-json\/wp\/v2\/pages\/6862\/revisions"}],"predecessor-version":[{"id":6916,"href":"https:\/\/esg2go.org\/it\/wp-json\/wp\/v2\/pages\/6862\/revisions\/6916"}],"wp:attachment":[{"href":"https:\/\/esg2go.org\/it\/wp-json\/wp\/v2\/media?parent=6862"}],"curies":[{"name":"wp","href":"https:\/\/api.w.org\/{rel}","templated":true}]}}