{"id":3673,"date":"2023-10-06T15:15:34","date_gmt":"2023-10-06T14:15:34","guid":{"rendered":"https:\/\/esg2go.org\/actualites-desg2go\/"},"modified":"2026-03-31T08:58:43","modified_gmt":"2026-03-31T07:58:43","slug":"actualites-desg2go","status":"publish","type":"page","link":"https:\/\/esg2go.org\/fr\/actualites-desg2go\/","title":{"rendered":"Blog"},"content":{"rendered":"<p>[et_pb_section fb_built=\u00a0\u00bb1&Prime; custom_padding_last_edited=\u00a0\u00bboff|desktop\u00a0\u00bb admin_label=\u00a0\u00bbs_hero_folgeseiten_blau\u00a0\u00bb _builder_version=\u00a0\u00bb4.25.1&Prime; use_background_color_gradient=\u00a0\u00bbon\u00a0\u00bb background_color_gradient_direction=\u00a0\u00bb90deg\u00a0\u00bb background_color_gradient_stops=\u00a0\u00bb#5869bd 0%|rgba(88,105,189,0.84) 10%|rgba(88,105,189,0.38) 36%|rgba(88,105,189,0.37) 65%\u00a0\u00bb background_color_gradient_overlays_image=\u00a0\u00bbon\u00a0\u00bb background_image=\u00a0\u00bbhttps:\/\/esg2go.org\/wp-content\/uploads\/2024\/05\/test-hero-radfahrer-1920-400.jpg\u00a0\u00bb custom_padding=\u00a0\u00bb8vw||8vw||true|false\u00a0\u00bb custom_padding_tablet=\u00a0\u00bb||||false|false\u00a0\u00bb custom_padding_phone=\u00a0\u00bb||||false|false\u00a0\u00bb locked=\u00a0\u00bboff\u00a0\u00bb global_colors_info=\u00a0\u00bb{}\u00a0\u00bb][et_pb_row make_equal=\u00a0\u00bbon\u00a0\u00bb _builder_version=\u00a0\u00bb4.25.0&Prime; max_width=\u00a0\u00bb1200px\u00a0\u00bb custom_padding=\u00a0\u00bb0px||0px|0px|false|false\u00a0\u00bb border_color_all=\u00a0\u00bb#95785E\u00a0\u00bb border_color_left=\u00a0\u00bb#5869BD\u00a0\u00bb locked=\u00a0\u00bboff\u00a0\u00bb global_colors_info=\u00a0\u00bb{}\u00a0\u00bb][et_pb_column type=\u00a0\u00bb4_4&Prime; _builder_version=\u00a0\u00bb4.25.0&Prime; custom_padding=\u00a0\u00bb||||false|false\u00a0\u00bb global_colors_info=\u00a0\u00bb{}\u00a0\u00bb][et_pb_text _builder_version=\u00a0\u00bb4.25.0&Prime; text_font=\u00a0\u00bbHeebo|800|||||||\u00a0\u00bb text_font_size=\u00a0\u00bb46px\u00a0\u00bb text_line_height=\u00a0\u00bb1em\u00a0\u00bb header_font=\u00a0\u00bbHeebo|900|||||||\u00a0\u00bb header_font_size=\u00a0\u00bb42px\u00a0\u00bb background_layout=\u00a0\u00bbdark\u00a0\u00bb width=\u00a0\u00bb100%\u00a0\u00bb text_font_size_tablet=\u00a0\u00bb32px\u00a0\u00bb text_font_size_phone=\u00a0\u00bb24px\u00a0\u00bb text_font_size_last_edited=\u00a0\u00bbon|phone\u00a0\u00bb header_font_size_tablet=\u00a0\u00bb32px\u00a0\u00bb header_font_size_phone=\u00a0\u00bb24px\u00a0\u00bb header_font_size_last_edited=\u00a0\u00bbon|desktop\u00a0\u00bb locked=\u00a0\u00bboff\u00a0\u00bb global_colors_info=\u00a0\u00bb{}\u00a0\u00bb][\/et_pb_text][\/et_pb_column][\/et_pb_row][\/et_pb_section][et_pb_section fb_built=\u00a0\u00bb1&Prime; admin_label=\u00a0\u00bb1.absatz\u00a0\u00bb _builder_version=\u00a0\u00bb4.25.1&Prime; background_color=\u00a0\u00bb#FFFFFF\u00a0\u00bb animation_style=\u00a0\u00bbslide\u00a0\u00bb animation_direction=\u00a0\u00bbbottom\u00a0\u00bb animation_delay=\u00a0\u00bb100ms\u00a0\u00bb animation_intensity_slide=\u00a0\u00bb12%\u00a0\u00bb animation_starting_opacity=\u00a0\u00bb80%\u00a0\u00bb locked=\u00a0\u00bboff\u00a0\u00bb global_colors_info=\u00a0\u00bb{}\u00a0\u00bb][et_pb_row disabled_on=\u00a0\u00bboff|off|off\u00a0\u00bb _builder_version=\u00a0\u00bb4.16&Prime; global_colors_info=\u00a0\u00bb{}\u00a0\u00bb][et_pb_column type=\u00a0\u00bb4_4&Prime; _builder_version=\u00a0\u00bb4.16&Prime; global_colors_info=\u00a0\u00bb{}\u00a0\u00bb][et_pb_text _builder_version=\u00a0\u00bb4.27.5&Prime; text_font_size=\u00a0\u00bb22px\u00a0\u00bb text_line_height=\u00a0\u00bb1.8em\u00a0\u00bb header_font=\u00a0\u00bbHeebo|900|||||||\u00a0\u00bb header_text_color=\u00a0\u00bb#5869BD\u00a0\u00bb header_font_size=\u00a0\u00bb66px\u00a0\u00bb header_2_font=\u00a0\u00bbHeebo|900|||||||\u00a0\u00bb header_2_font_size=\u00a0\u00bb66px\u00a0\u00bb header_2_line_height=\u00a0\u00bb1.3em\u00a0\u00bb custom_padding_tablet=\u00a0\u00bb|||0px|false|false\u00a0\u00bb custom_padding_last_edited=\u00a0\u00bboff|desktop\u00a0\u00bb hover_enabled=\u00a0\u00bb0&Prime; text_font_size_tablet=\u00a0\u00bb20px\u00a0\u00bb text_font_size_phone=\u00a0\u00bb18px\u00a0\u00bb text_font_size_last_edited=\u00a0\u00bbon|phone\u00a0\u00bb header_font_size_tablet=\u00a0\u00bb48px\u00a0\u00bb header_font_size_phone=\u00a0\u00bb32px\u00a0\u00bb header_font_size_last_edited=\u00a0\u00bbon|phone\u00a0\u00bb header_2_font_size_tablet=\u00a0\u00bb40px\u00a0\u00bb header_2_font_size_phone=\u00a0\u00bb32px\u00a0\u00bb header_2_font_size_last_edited=\u00a0\u00bbon|tablet\u00a0\u00bb locked=\u00a0\u00bboff\u00a0\u00bb global_colors_info=\u00a0\u00bb{}\u00a0\u00bb sticky_enabled=\u00a0\u00bb0&Prime;]<\/p>\n<h1>Le savoir en mati\u00e8re de d\u00e9veloppement durable 2go.<\/h1>\n<p><span>Que vous soyez d\u00e9j\u00e0 client ou non, nous sommes heureux de partager avec vous nos connaissances et les actualit\u00e9s pertinentes pour les PME. Si vous ne voulez rien manquer, le mieux est de vous abonner \u00e0 notre newsletter.  <\/span><em><\/em><\/p>\n<p>[\/et_pb_text][\/et_pb_column][\/et_pb_row][\/et_pb_section][et_pb_section fb_built=\u00a0\u00bb1&Prime; admin_label=\u00a0\u00bbBlog\u00a0\u00bb _builder_version=\u00a0\u00bb4.16&Prime; custom_padding=\u00a0\u00bb0px|||||\u00a0\u00bb global_colors_info=\u00a0\u00bb{}\u00a0\u00bb][et_pb_row _builder_version=\u00a0\u00bb4.25.1&Prime; background_enable_color=\u00a0\u00bboff\u00a0\u00bb animation_style=\u00a0\u00bbslide\u00a0\u00bb animation_direction=\u00a0\u00bbbottom\u00a0\u00bb animation_delay=\u00a0\u00bb100ms\u00a0\u00bb animation_intensity_slide=\u00a0\u00bb6%\u00a0\u00bb animation_starting_opacity=\u00a0\u00bb80%\u00a0\u00bb locked=\u00a0\u00bboff\u00a0\u00bb global_colors_info=\u00a0\u00bb{}\u00a0\u00bb][et_pb_column type=\u00a0\u00bb4_4&Prime; _builder_version=\u00a0\u00bb4.16&Prime; global_colors_info=\u00a0\u00bb{}\u00a0\u00bb][et_pb_blog fullwidth=\u00a0\u00bboff\u00a0\u00bb posts_number=\u00a0\u00bb6&Prime; include_categories=\u00a0\u00bball\u00a0\u00bb show_more=\u00a0\u00bbon\u00a0\u00bb show_date=\u00a0\u00bboff\u00a0\u00bb show_categories=\u00a0\u00bboff\u00a0\u00bb use_overlay=\u00a0\u00bbon\u00a0\u00bb overlay_icon_color=\u00a0\u00bb#5869BD\u00a0\u00bb hover_overlay_color=\u00a0\u00bbrgba(255,255,255,0.79)\u00a0\u00bb _builder_version=\u00a0\u00bb4.27.4&Prime; header_font=\u00a0\u00bbHeebo|900|||||||\u00a0\u00bb header_font_size=\u00a0\u00bb20px\u00a0\u00bb header_line_height=\u00a0\u00bb1.3em\u00a0\u00bb body_font=\u00a0\u00bb||||||||\u00a0\u00bb body_font_size=\u00a0\u00bb16px\u00a0\u00bb body_line_height=\u00a0\u00bb2em\u00a0\u00bb meta_font=\u00a0\u00bb|700|||||||\u00a0\u00bb meta_font_size=\u00a0\u00bb16px\u00a0\u00bb meta_line_height=\u00a0\u00bb1.8em\u00a0\u00bb read_more_font=\u00a0\u00bbHeebo|700|||||||\u00a0\u00bb pagination_font=\u00a0\u00bbHeebo|900|||||||\u00a0\u00bb pagination_text_color=\u00a0\u00bb#1b123d\u00a0\u00bb pagination_font_size=\u00a0\u00bb24px\u00a0\u00bb pagination_line_height=\u00a0\u00bb1.8em\u00a0\u00bb background_enable_color=\u00a0\u00bboff\u00a0\u00bb link_option_url=\u00a0\u00bb#\u00a0\u00bb meta_font_size_tablet=\u00a0\u00bb14px\u00a0\u00bb meta_font_size_phone=\u00a0\u00bb\u00a0\u00bb meta_font_size_last_edited=\u00a0\u00bbon|phone\u00a0\u00bb pagination_font_size_tablet=\u00a0\u00bb20px\u00a0\u00bb pagination_font_size_phone=\u00a0\u00bb16px\u00a0\u00bb pagination_font_size_last_edited=\u00a0\u00bbon|phone\u00a0\u00bb border_width_all=\u00a0\u00bb0px\u00a0\u00bb box_shadow_style=\u00a0\u00bbpreset3&Prime; box_shadow_horizontal=\u00a0\u00bb8px\u00a0\u00bb box_shadow_vertical=\u00a0\u00bb8px\u00a0\u00bb box_shadow_blur=\u00a0\u00bb8px\u00a0\u00bb box_shadow_spread=\u00a0\u00bb-7px\u00a0\u00bb box_shadow_color=\u00a0\u00bbrgba(88,105,189,0.25)\u00a0\u00bb global_colors_info=\u00a0\u00bb{}\u00a0\u00bb][\/et_pb_blog][\/et_pb_column][\/et_pb_row][\/et_pb_section][et_pb_section fb_built=\u00a0\u00bb1&Prime; disabled_on=\u00a0\u00bbon|on|on\u00a0\u00bb admin_label=\u00a0\u00bbContact\u00a0\u00bb _builder_version=\u00a0\u00bb4.16&Prime; background_color=\u00a0\u00bb#f4f4f5&Prime; custom_padding=\u00a0\u00bb0px||0px||true|false\u00a0\u00bb border_color_all=\u00a0\u00bb#1b123d\u00a0\u00bb border_width_bottom=\u00a0\u00bb8px\u00a0\u00bb disabled=\u00a0\u00bbon\u00a0\u00bb locked=\u00a0\u00bboff\u00a0\u00bb global_colors_info=\u00a0\u00bb{}\u00a0\u00bb][et_pb_row column_structure=\u00a0\u00bb1_2,1_2&Prime; make_equal=\u00a0\u00bbon\u00a0\u00bb _builder_version=\u00a0\u00bb4.16&Prime; custom_padding=\u00a0\u00bb0px||0px||true|false\u00a0\u00bb box_shadow_style=\u00a0\u00bbpreset4&Prime; box_shadow_horizontal=\u00a0\u00bb-30vw\u00a0\u00bb box_shadow_vertical=\u00a0\u00bb0px\u00a0\u00bb box_shadow_color=\u00a0\u00bb#fcc56f\u00a0\u00bb box_shadow_horizontal_tablet=\u00a0\u00bb0vw\u00a0\u00bb box_shadow_horizontal_phone=\u00a0\u00bb\u00a0\u00bb box_shadow_horizontal_last_edited=\u00a0\u00bbon|desktop\u00a0\u00bb global_colors_info=\u00a0\u00bb{}\u00a0\u00bb][et_pb_column type=\u00a0\u00bb1_2&Prime; _builder_version=\u00a0\u00bb4.16&Prime; background_color=\u00a0\u00bb#FCC56F\u00a0\u00bb custom_padding=\u00a0\u00bb8%|20px|8%||true|false\u00a0\u00bb custom_padding_tablet=\u00a0\u00bb||||false|false\u00a0\u00bb custom_padding_phone=\u00a0\u00bb||||false|false\u00a0\u00bb custom_padding_last_edited=\u00a0\u00bboff|phone\u00a0\u00bb box_shadow_style=\u00a0\u00bbpreset4&Prime; box_shadow_horizontal=\u00a0\u00bb0px\u00a0\u00bb box_shadow_vertical=\u00a0\u00bb0px\u00a0\u00bb box_shadow_color=\u00a0\u00bb#fcc56f\u00a0\u00bb box_shadow_horizontal_tablet=\u00a0\u00bb-20vw\u00a0\u00bb box_shadow_horizontal_phone=\u00a0\u00bb-10vw\u00a0\u00bb box_shadow_horizontal_last_edited=\u00a0\u00bbon|tablet\u00a0\u00bb global_colors_info=\u00a0\u00bb{}\u00a0\u00bb][et_pb_text _builder_version=\u00a0\u00bb4.16&Prime; header_2_font=\u00a0\u00bbHeebo|900||on|||||\u00a0\u00bb header_2_font_size=\u00a0\u00bb60px\u00a0\u00bb header_2_letter_spacing=\u00a0\u00bb2px\u00a0\u00bb header_2_line_height=\u00a0\u00bb1.3em\u00a0\u00bb header_3_font=\u00a0\u00bbHeebo|700||on|||||\u00a0\u00bb header_3_font_size=\u00a0\u00bb18px\u00a0\u00bb header_3_letter_spacing=\u00a0\u00bb4px\u00a0\u00bb header_3_line_height=\u00a0\u00bb1.3em\u00a0\u00bb background_layout=\u00a0\u00bbdark\u00a0\u00bb max_width=\u00a0\u00bb800px\u00a0\u00bb custom_margin=\u00a0\u00bb||0px||false|false\u00a0\u00bb header_2_font_size_tablet=\u00a0\u00bb40px\u00a0\u00bb header_2_font_size_phone=\u00a0\u00bb24px\u00a0\u00bb header_2_font_size_last_edited=\u00a0\u00bbon|desktop\u00a0\u00bb header_3_font_size_tablet=\u00a0\u00bb16px\u00a0\u00bb header_3_font_size_phone=\u00a0\u00bb14px\u00a0\u00bb header_3_font_size_last_edited=\u00a0\u00bbon|desktop\u00a0\u00bb locked=\u00a0\u00bboff\u00a0\u00bb global_colors_info=\u00a0\u00bb{}\u00a0\u00bb]<\/p>\n<h3>Get In Touch<\/h3>\n<h2>Get In Touch<\/h2>\n<p>[\/et_pb_text][et_pb_button button_text=\u00a0\u00bbContact us\u00a0\u00bb button_alignment=\u00a0\u00bbleft\u00a0\u00bb _builder_version=\u00a0\u00bb4.16&Prime; custom_button=\u00a0\u00bbon\u00a0\u00bb button_text_size=\u00a0\u00bb14px\u00a0\u00bb button_text_color=\u00a0\u00bb#1b123d\u00a0\u00bb button_bg_color=\u00a0\u00bb#ffffff\u00a0\u00bb button_border_width=\u00a0\u00bb0px\u00a0\u00bb button_border_radius=\u00a0\u00bb0px\u00a0\u00bb button_letter_spacing=\u00a0\u00bb5px\u00a0\u00bb button_font=\u00a0\u00bb|700||on|||||\u00a0\u00bb custom_margin=\u00a0\u00bb||||false|false\u00a0\u00bb custom_margin_tablet=\u00a0\u00bb|||0px|false|false\u00a0\u00bb custom_margin_last_edited=\u00a0\u00bboff|desktop\u00a0\u00bb custom_padding=\u00a0\u00bb20px|30px|20px|30px|true|true\u00a0\u00bb locked=\u00a0\u00bboff\u00a0\u00bb global_colors_info=\u00a0\u00bb{}\u00a0\u00bb][\/et_pb_button][\/et_pb_column][et_pb_column type=\u00a0\u00bb1_2&Prime; _builder_version=\u00a0\u00bb4.16&Prime; custom_padding=\u00a0\u00bb8%||8%||true|false\u00a0\u00bb custom_padding_tablet=\u00a0\u00bb0px||||false|false\u00a0\u00bb custom_padding_phone=\u00a0\u00bb0px||50px||false|false\u00a0\u00bb custom_padding_last_edited=\u00a0\u00bboff|tablet\u00a0\u00bb global_colors_info=\u00a0\u00bb{}\u00a0\u00bb][et_pb_signup mailchimp_list=\u00a0\u00bbSlavaET|42d4a98af1&Prime; layout=\u00a0\u00bbtop_bottom\u00a0\u00bb first_name_field=\u00a0\u00bboff\u00a0\u00bb last_name_field=\u00a0\u00bboff\u00a0\u00bb title=\u00a0\u00bbSubscribe\u00a0\u00bb _builder_version=\u00a0\u00bb4.16&Prime; form_field_background_color=\u00a0\u00bbrgba(0,0,0,0)\u00a0\u00bb header_font=\u00a0\u00bbHeebo|700||on|||||\u00a0\u00bb header_font_size=\u00a0\u00bb18px\u00a0\u00bb header_letter_spacing=\u00a0\u00bb4px\u00a0\u00bb header_line_height=\u00a0\u00bb1.3em\u00a0\u00bb form_field_font=\u00a0\u00bb|700||on|||||\u00a0\u00bb form_field_font_size=\u00a0\u00bb14px\u00a0\u00bb form_field_letter_spacing=\u00a0\u00bb5px\u00a0\u00bb form_field_line_height=\u00a0\u00bb1.8em\u00a0\u00bb use_background_color=\u00a0\u00bboff\u00a0\u00bb custom_button=\u00a0\u00bbon\u00a0\u00bb button_text_size=\u00a0\u00bb14px\u00a0\u00bb button_text_color=\u00a0\u00bb#ffffff\u00a0\u00bb button_bg_color=\u00a0\u00bb#1b123d\u00a0\u00bb button_border_width=\u00a0\u00bb0px\u00a0\u00bb button_border_radius=\u00a0\u00bb0px\u00a0\u00bb button_letter_spacing=\u00a0\u00bb5px\u00a0\u00bb button_font=\u00a0\u00bb|700||on|||||\u00a0\u00bb button_custom_padding=\u00a0\u00bb20px||20px||true|false\u00a0\u00bb background_layout=\u00a0\u00bblight\u00a0\u00bb custom_margin_last_edited=\u00a0\u00bboff|phone\u00a0\u00bb header_font_size_tablet=\u00a0\u00bb16px\u00a0\u00bb header_font_size_phone=\u00a0\u00bb14px\u00a0\u00bb header_font_size_last_edited=\u00a0\u00bbon|desktop\u00a0\u00bb custom_css_newsletter_form=\u00a0\u00bbpadding-top: 16px !important;\u00a0\u00bb border_radii_fields=\u00a0\u00bbon|0px|0px|0px|0px\u00a0\u00bb border_width_all_fields=\u00a0\u00bb2px\u00a0\u00bb border_color_all_fields=\u00a0\u00bb#B1B5B9&Prime; locked=\u00a0\u00bboff\u00a0\u00bb global_colors_info=\u00a0\u00bb{}\u00a0\u00bb][\/et_pb_signup][\/et_pb_column][\/et_pb_row][\/et_pb_section]<\/p>\n","protected":false},"excerpt":{"rendered":"<p>Le savoir en mati\u00e8re de d\u00e9veloppement durable 2go. Que vous soyez d\u00e9j\u00e0 client ou non, nous sommes heureux de partager avec vous nos connaissances et les actualit\u00e9s pertinentes pour les PME. Si vous ne voulez rien manquer, le mieux est de vous abonner \u00e0 notre newsletter. Get In Touch Get In Touch<\/p>\n","protected":false},"author":1,"featured_media":0,"parent":0,"menu_order":0,"comment_status":"closed","ping_status":"closed","template":"","meta":{"_et_pb_use_builder":"on","_et_pb_old_content":"","_et_gb_content_width":"","footnotes":""},"class_list":["post-3673","page","type-page","status-publish","hentry"],"yoast_head":"<!-- This site is optimized with the Yoast SEO plugin v27.4 - https:\/\/yoast.com\/product\/yoast-seo-wordpress\/ -->\n<title>Blog | esg2go<\/title>\n<meta name=\"description\" content=\"La durabilit\u00e9 expliqu\u00e9e simplement et communiqu\u00e9e clairement : Dans notre blog, nous \u00e9crivons sur les notations. Abonnez-vous \u00e9galement \u00e0 notre newsletter.\" \/>\n<meta name=\"robots\" content=\"index, follow, max-snippet:-1, max-image-preview:large, max-video-preview:-1\" \/>\n<link rel=\"canonical\" href=\"https:\/\/esg2go.org\/fr\/actualites-desg2go\/\" \/>\n<meta property=\"og:locale\" content=\"fr_FR\" \/>\n<meta property=\"og:type\" content=\"article\" \/>\n<meta property=\"og:title\" content=\"Blog | esg2go\" \/>\n<meta property=\"og:description\" content=\"La durabilit\u00e9 expliqu\u00e9e simplement et communiqu\u00e9e clairement : Dans notre blog, nous \u00e9crivons sur les notations. Abonnez-vous \u00e9galement \u00e0 notre newsletter.\" \/>\n<meta property=\"og:url\" content=\"https:\/\/esg2go.org\/fr\/actualites-desg2go\/\" \/>\n<meta property=\"og:site_name\" content=\"esg2go\" \/>\n<meta property=\"article:modified_time\" content=\"2026-03-31T07:58:43+00:00\" \/>\n<meta name=\"twitter:card\" content=\"summary_large_image\" \/>\n<meta name=\"twitter:label1\" content=\"Dur\u00e9e de lecture estim\u00e9e\" \/>\n\t<meta name=\"twitter:data1\" content=\"6 minutes\" \/>\n<script type=\"application\/ld+json\" class=\"yoast-schema-graph\">{\"@context\":\"https:\\\/\\\/schema.org\",\"@graph\":[{\"@type\":\"WebPage\",\"@id\":\"https:\\\/\\\/esg2go.org\\\/fr\\\/actualites-desg2go\\\/\",\"url\":\"https:\\\/\\\/esg2go.org\\\/fr\\\/actualites-desg2go\\\/\",\"name\":\"Blog | esg2go\",\"isPartOf\":{\"@id\":\"https:\\\/\\\/esg2go.org\\\/fr\\\/#website\"},\"datePublished\":\"2023-10-06T14:15:34+00:00\",\"dateModified\":\"2026-03-31T07:58:43+00:00\",\"description\":\"La durabilit\u00e9 expliqu\u00e9e simplement et communiqu\u00e9e clairement : Dans notre blog, nous \u00e9crivons sur les notations. Abonnez-vous \u00e9galement \u00e0 notre newsletter.\",\"breadcrumb\":{\"@id\":\"https:\\\/\\\/esg2go.org\\\/fr\\\/actualites-desg2go\\\/#breadcrumb\"},\"inLanguage\":\"fr-FR\",\"potentialAction\":[{\"@type\":\"ReadAction\",\"target\":[\"https:\\\/\\\/esg2go.org\\\/fr\\\/actualites-desg2go\\\/\"]}]},{\"@type\":\"BreadcrumbList\",\"@id\":\"https:\\\/\\\/esg2go.org\\\/fr\\\/actualites-desg2go\\\/#breadcrumb\",\"itemListElement\":[{\"@type\":\"ListItem\",\"position\":1,\"name\":\"Startseite\",\"item\":\"https:\\\/\\\/esg2go.org\\\/fr\\\/page-daccueil-esg2go\\\/\"},{\"@type\":\"ListItem\",\"position\":2,\"name\":\"Blog\"}]},{\"@type\":\"WebSite\",\"@id\":\"https:\\\/\\\/esg2go.org\\\/fr\\\/#website\",\"url\":\"https:\\\/\\\/esg2go.org\\\/fr\\\/\",\"name\":\"esg2go\",\"description\":\"Der einfache Nachhaltigkeitsnachweis f\u00fcr KMU\",\"publisher\":{\"@id\":\"https:\\\/\\\/esg2go.org\\\/fr\\\/#organization\"},\"potentialAction\":[{\"@type\":\"SearchAction\",\"target\":{\"@type\":\"EntryPoint\",\"urlTemplate\":\"https:\\\/\\\/esg2go.org\\\/fr\\\/?s={search_term_string}\"},\"query-input\":{\"@type\":\"PropertyValueSpecification\",\"valueRequired\":true,\"valueName\":\"search_term_string\"}}],\"inLanguage\":\"fr-FR\"},{\"@type\":\"Organization\",\"@id\":\"https:\\\/\\\/esg2go.org\\\/fr\\\/#organization\",\"name\":\"esg2go\",\"url\":\"https:\\\/\\\/esg2go.org\\\/fr\\\/\",\"logo\":{\"@type\":\"ImageObject\",\"inLanguage\":\"fr-FR\",\"@id\":\"https:\\\/\\\/esg2go.org\\\/fr\\\/#\\\/schema\\\/logo\\\/image\\\/\",\"url\":\"https:\\\/\\\/esg2go.org\\\/wp-content\\\/uploads\\\/2024\\\/05\\\/favicon-esg2go.png\",\"contentUrl\":\"https:\\\/\\\/esg2go.org\\\/wp-content\\\/uploads\\\/2024\\\/05\\\/favicon-esg2go.png\",\"width\":512,\"height\":512,\"caption\":\"esg2go\"},\"image\":{\"@id\":\"https:\\\/\\\/esg2go.org\\\/fr\\\/#\\\/schema\\\/logo\\\/image\\\/\"},\"sameAs\":[\"https:\\\/\\\/www.linkedin.com\\\/company\\\/esg2go\"]}]}<\/script>\n<!-- \/ Yoast SEO plugin. -->","yoast_head_json":{"title":"Blog | esg2go","description":"La durabilit\u00e9 expliqu\u00e9e simplement et communiqu\u00e9e clairement : Dans notre blog, nous \u00e9crivons sur les notations. Abonnez-vous \u00e9galement \u00e0 notre newsletter.","robots":{"index":"index","follow":"follow","max-snippet":"max-snippet:-1","max-image-preview":"max-image-preview:large","max-video-preview":"max-video-preview:-1"},"canonical":"https:\/\/esg2go.org\/fr\/actualites-desg2go\/","og_locale":"fr_FR","og_type":"article","og_title":"Blog | esg2go","og_description":"La durabilit\u00e9 expliqu\u00e9e simplement et communiqu\u00e9e clairement : Dans notre blog, nous \u00e9crivons sur les notations. Abonnez-vous \u00e9galement \u00e0 notre newsletter.","og_url":"https:\/\/esg2go.org\/fr\/actualites-desg2go\/","og_site_name":"esg2go","article_modified_time":"2026-03-31T07:58:43+00:00","twitter_card":"summary_large_image","twitter_misc":{"Dur\u00e9e de lecture estim\u00e9e":"6 minutes"},"schema":{"@context":"https:\/\/schema.org","@graph":[{"@type":"WebPage","@id":"https:\/\/esg2go.org\/fr\/actualites-desg2go\/","url":"https:\/\/esg2go.org\/fr\/actualites-desg2go\/","name":"Blog | esg2go","isPartOf":{"@id":"https:\/\/esg2go.org\/fr\/#website"},"datePublished":"2023-10-06T14:15:34+00:00","dateModified":"2026-03-31T07:58:43+00:00","description":"La durabilit\u00e9 expliqu\u00e9e simplement et communiqu\u00e9e clairement : Dans notre blog, nous \u00e9crivons sur les notations. Abonnez-vous \u00e9galement \u00e0 notre newsletter.","breadcrumb":{"@id":"https:\/\/esg2go.org\/fr\/actualites-desg2go\/#breadcrumb"},"inLanguage":"fr-FR","potentialAction":[{"@type":"ReadAction","target":["https:\/\/esg2go.org\/fr\/actualites-desg2go\/"]}]},{"@type":"BreadcrumbList","@id":"https:\/\/esg2go.org\/fr\/actualites-desg2go\/#breadcrumb","itemListElement":[{"@type":"ListItem","position":1,"name":"Startseite","item":"https:\/\/esg2go.org\/fr\/page-daccueil-esg2go\/"},{"@type":"ListItem","position":2,"name":"Blog"}]},{"@type":"WebSite","@id":"https:\/\/esg2go.org\/fr\/#website","url":"https:\/\/esg2go.org\/fr\/","name":"esg2go","description":"Der einfache Nachhaltigkeitsnachweis f\u00fcr KMU","publisher":{"@id":"https:\/\/esg2go.org\/fr\/#organization"},"potentialAction":[{"@type":"SearchAction","target":{"@type":"EntryPoint","urlTemplate":"https:\/\/esg2go.org\/fr\/?s={search_term_string}"},"query-input":{"@type":"PropertyValueSpecification","valueRequired":true,"valueName":"search_term_string"}}],"inLanguage":"fr-FR"},{"@type":"Organization","@id":"https:\/\/esg2go.org\/fr\/#organization","name":"esg2go","url":"https:\/\/esg2go.org\/fr\/","logo":{"@type":"ImageObject","inLanguage":"fr-FR","@id":"https:\/\/esg2go.org\/fr\/#\/schema\/logo\/image\/","url":"https:\/\/esg2go.org\/wp-content\/uploads\/2024\/05\/favicon-esg2go.png","contentUrl":"https:\/\/esg2go.org\/wp-content\/uploads\/2024\/05\/favicon-esg2go.png","width":512,"height":512,"caption":"esg2go"},"image":{"@id":"https:\/\/esg2go.org\/fr\/#\/schema\/logo\/image\/"},"sameAs":["https:\/\/www.linkedin.com\/company\/esg2go"]}]}},"_links":{"self":[{"href":"https:\/\/esg2go.org\/fr\/wp-json\/wp\/v2\/pages\/3673","targetHints":{"allow":["GET"]}}],"collection":[{"href":"https:\/\/esg2go.org\/fr\/wp-json\/wp\/v2\/pages"}],"about":[{"href":"https:\/\/esg2go.org\/fr\/wp-json\/wp\/v2\/types\/page"}],"author":[{"embeddable":true,"href":"https:\/\/esg2go.org\/fr\/wp-json\/wp\/v2\/users\/1"}],"replies":[{"embeddable":true,"href":"https:\/\/esg2go.org\/fr\/wp-json\/wp\/v2\/comments?post=3673"}],"version-history":[{"count":22,"href":"https:\/\/esg2go.org\/fr\/wp-json\/wp\/v2\/pages\/3673\/revisions"}],"predecessor-version":[{"id":25979763,"href":"https:\/\/esg2go.org\/fr\/wp-json\/wp\/v2\/pages\/3673\/revisions\/25979763"}],"wp:attachment":[{"href":"https:\/\/esg2go.org\/fr\/wp-json\/wp\/v2\/media?parent=3673"}],"curies":[{"name":"wp","href":"https:\/\/api.w.org\/{rel}","templated":true}]}}