{"id":1355,"date":"2022-01-24T09:13:36","date_gmt":"2022-01-24T09:13:36","guid":{"rendered":"https:\/\/esg2go.org\/impressum\/"},"modified":"2024-06-13T18:48:15","modified_gmt":"2024-06-13T18:48:15","slug":"impressum","status":"publish","type":"page","link":"https:\/\/esg2go.org\/fr\/impressum\/","title":{"rendered":"Impressum"},"content":{"rendered":"<p>[et_pb_section fb_built=\u00a0\u00bb1&Prime; admin_label=\u00a0\u00bb1.absatz\u00a0\u00bb _builder_version=\u00a0\u00bb4.25.1&Prime; background_color=\u00a0\u00bb#FFFFFF\u00a0\u00bb animation_style=\u00a0\u00bbslide\u00a0\u00bb animation_direction=\u00a0\u00bbbottom\u00a0\u00bb animation_delay=\u00a0\u00bb100ms\u00a0\u00bb animation_intensity_slide=\u00a0\u00bb12%\u00a0\u00bb animation_starting_opacity=\u00a0\u00bb80%\u00a0\u00bb locked=\u00a0\u00bboff\u00a0\u00bb global_colors_info=\u00a0\u00bb{}\u00a0\u00bb][et_pb_row disabled_on=\u00a0\u00bboff|off|off\u00a0\u00bb _builder_version=\u00a0\u00bb4.16&Prime; global_colors_info=\u00a0\u00bb{}\u00a0\u00bb][et_pb_column type=\u00a0\u00bb4_4&Prime; _builder_version=\u00a0\u00bb4.16&Prime; global_colors_info=\u00a0\u00bb{}\u00a0\u00bb][et_pb_text _builder_version=\u00a0\u00bb4.25.1&Prime; text_font_size=\u00a0\u00bb22px\u00a0\u00bb text_line_height=\u00a0\u00bb1.8em\u00a0\u00bb header_font=\u00a0\u00bbHeebo|900|||||||\u00a0\u00bb header_text_color=\u00a0\u00bb#5869BD\u00a0\u00bb header_font_size=\u00a0\u00bb66px\u00a0\u00bb header_2_font=\u00a0\u00bbHeebo|900|||||||\u00a0\u00bb header_2_font_size=\u00a0\u00bb48px\u00a0\u00bb header_2_line_height=\u00a0\u00bb1.3em\u00a0\u00bb header_3_font_size=\u00a0\u00bb36px\u00a0\u00bb custom_padding_tablet=\u00a0\u00bb|||0px|false|false\u00a0\u00bb custom_padding_last_edited=\u00a0\u00bboff|desktop\u00a0\u00bb text_font_size_tablet=\u00a0\u00bb20px\u00a0\u00bb text_font_size_phone=\u00a0\u00bb18px\u00a0\u00bb text_font_size_last_edited=\u00a0\u00bbon|phone\u00a0\u00bb header_font_size_tablet=\u00a0\u00bb48px\u00a0\u00bb header_font_size_phone=\u00a0\u00bb32px\u00a0\u00bb header_font_size_last_edited=\u00a0\u00bbon|tablet\u00a0\u00bb header_2_font_size_tablet=\u00a0\u00bb40px\u00a0\u00bb header_2_font_size_phone=\u00a0\u00bb32px\u00a0\u00bb header_2_font_size_last_edited=\u00a0\u00bbon|desktop\u00a0\u00bb header_3_font_size_tablet=\u00a0\u00bb28px\u00a0\u00bb header_3_font_size_phone=\u00a0\u00bb24px\u00a0\u00bb header_3_font_size_last_edited=\u00a0\u00bbon|phone\u00a0\u00bb locked=\u00a0\u00bboff\u00a0\u00bb global_colors_info=\u00a0\u00bb{}\u00a0\u00bb]<\/p>\n<h1>Impressum<span><\/span><\/h1>\n<p>[\/et_pb_text][\/et_pb_column][\/et_pb_row][\/et_pb_section][et_pb_section fb_built=\u00a0\u00bb1&Prime; admin_label=\u00a0\u00bbFeatures\u00a0\u00bb _builder_version=\u00a0\u00bb4.16&Prime; global_colors_info=\u00a0\u00bb{}\u00a0\u00bb][et_pb_row _builder_version=\u00a0\u00bb4.16&Prime; locked=\u00a0\u00bboff\u00a0\u00bb global_colors_info=\u00a0\u00bb{}\u00a0\u00bb][et_pb_column type=\u00a0\u00bb4_4&Prime; _builder_version=\u00a0\u00bb4.16&Prime; global_colors_info=\u00a0\u00bb{}\u00a0\u00bb][et_pb_text _builder_version=\u00a0\u00bb4.21.0&Prime; text_font_size=\u00a0\u00bb18px\u00a0\u00bb text_line_height=\u00a0\u00bb1.8em\u00a0\u00bb header_2_font=\u00a0\u00bbHeebo|900|||||||\u00a0\u00bb header_2_font_size=\u00a0\u00bb42px\u00a0\u00bb header_2_letter_spacing=\u00a0\u00bb1px\u00a0\u00bb header_2_line_height=\u00a0\u00bb1.3em\u00a0\u00bb custom_padding_tablet=\u00a0\u00bb|||0px|false|false\u00a0\u00bb custom_padding_last_edited=\u00a0\u00bboff|desktop\u00a0\u00bb text_font_size_tablet=\u00a0\u00bb18px\u00a0\u00bb text_font_size_phone=\u00a0\u00bb16px\u00a0\u00bb text_font_size_last_edited=\u00a0\u00bbon|phone\u00a0\u00bb header_2_font_size_tablet=\u00a0\u00bb32px\u00a0\u00bb header_2_font_size_phone=\u00a0\u00bb28px\u00a0\u00bb header_2_font_size_last_edited=\u00a0\u00bbon|phone\u00a0\u00bb locked=\u00a0\u00bboff\u00a0\u00bb global_colors_info=\u00a0\u00bb{}\u00a0\u00bb]<\/p>\n<h2>Adresse de contact<\/h2>\n<p>Adjumed Services AG<br \/>Birmensdorferstrasse 470<br \/>8055 Z\u00fcrich<br \/>Suisse<\/p>\n<p>E-Mail:<br \/><a href=\"mailto:impressum@esg2go.com\">impressum@esg2go.com<\/a><\/p>\n<h2>Personne(s) habilit\u00e9e(s) \u00e0 repr\u00e9senter l&rsquo;association<\/h2>\n<p>Dr. Luzi Rageth, CEO<\/p>\n<h2>Inscription au registre du commerce<\/h2>\n<p>Nom de l&rsquo;entreprise enregistr\u00e9e :<br \/><strong>Adjumed Services AG<\/strong><\/p>\n<p>Num\u00e9ro d&rsquo;identification de l&rsquo;entreprise (UID) :<br \/><strong>CHE-108.465.076<\/strong><\/p>\n<p>Num\u00e9ro de TVA<br \/><strong>CHE-108.465.076 TVA<\/strong><\/p>\n<h2>Contact technique<\/h2>\n<p>Amplus WP-Praxis<br \/><a href=\"https:\/\/amplus.ch\/\" target=\"_blank\" rel=\"noopener\">https:\/\/amplus.ch\/<\/a><\/p>\n<h2>Clause de non-responsabilit\u00e9<\/h2>\n<p>L&rsquo;auteur n&rsquo;assume aucune responsabilit\u00e9 quant \u00e0 la v\u00e9racit\u00e9, l&rsquo;exactitude, l&rsquo;actualit\u00e9, la fiabilit\u00e9 et l&rsquo;exhaustivit\u00e9 du contenu des informations.<\/p>\n<p>L&rsquo;auteur ne saurait \u00eatre tenu pour responsable des dommages mat\u00e9riels ou immat\u00e9riels qui pourraient \u00eatre caus\u00e9s par l&rsquo;acc\u00e8s aux informations diffus\u00e9es ou par leur utilisation ou non-utilisation, par le mauvais usage de la connexion ou par des probl\u00e8mes techniques.<\/p>\n<p>Toutes les offres sont sans engagement. L&rsquo;auteur se r\u00e9serve express\u00e9ment le droit de modifier, de compl\u00e9ter ou de supprimer des parties de pages ou l&rsquo;ensemble de l&rsquo;offre sans pr\u00e9avis particulier, ou d&rsquo;en suspendre temporairement ou d\u00e9finitivement la publication.<\/p>\n<h2>Clause de non-responsabilit\u00e9 pour les liens<\/h2>\n<p>Les renvois et liens vers des sites web de tiers ne rel\u00e8vent pas de notre responsabilit\u00e9. Nous d\u00e9clinons toute responsabilit\u00e9 pour de tels sites. L&rsquo;acc\u00e8s \u00e0 ces sites et leur utilisation se font aux risques et p\u00e9rils de l&rsquo;utilisateur.<\/p>\n<h2>Droits d&rsquo;auteur<\/h2>\n<p>Les droits d&rsquo;auteur et tous les autres droits relatifs aux contenus, images, photos ou autres fichiers figurant sur ce site Internet appartiennent exclusivement \u00e0 la soci\u00e9t\u00e9 <strong>Adjumed Services AG<\/strong> ou aux titulaires de droits sp\u00e9cialement cit\u00e9s. Pour la reproduction de tout \u00e9l\u00e9ment, l&rsquo;accord \u00e9crit du d\u00e9tenteur des droits d&rsquo;auteur doit \u00eatre obtenu au pr\u00e9alable.<\/p>\n<p>Source: <a href=\"https:\/\/www.swissanwalt.ch\/\" target=\"_blank\" rel=\"noopener\">SwissAnwalt<\/a><\/p>\n<p>[\/et_pb_text][\/et_pb_column][\/et_pb_row][\/et_pb_section]<\/p>\n","protected":false},"excerpt":{"rendered":"<p>ImpressumAdresse de contact Adjumed Services AGBirmensdorferstrasse 4708055 Z\u00fcrichSuisse E-Mail:impressum@esg2go.com Personne(s) habilit\u00e9e(s) \u00e0 repr\u00e9senter l&rsquo;association Dr. Luzi Rageth, CEO Inscription au registre du commerce Nom de l&rsquo;entreprise enregistr\u00e9e :Adjumed Services AG Num\u00e9ro d&rsquo;identification de l&rsquo;entreprise (UID) :CHE-108.465.076 Num\u00e9ro de TVACHE-108.465.076 TVA Contact technique Amplus WP-Praxishttps:\/\/amplus.ch\/ Clause de non-responsabilit\u00e9 L&rsquo;auteur n&rsquo;assume aucune responsabilit\u00e9 quant \u00e0 la v\u00e9racit\u00e9, [&hellip;]<\/p>\n","protected":false},"author":1,"featured_media":0,"parent":0,"menu_order":0,"comment_status":"closed","ping_status":"closed","template":"","meta":{"_et_pb_use_builder":"on","_et_pb_old_content":"","_et_gb_content_width":"","footnotes":""},"class_list":["post-1355","page","type-page","status-publish","hentry"],"yoast_head":"<!-- This site is optimized with the Yoast SEO plugin v27.4 - https:\/\/yoast.com\/product\/yoast-seo-wordpress\/ -->\n<title>Impressum | esg2go<\/title>\n<meta name=\"robots\" content=\"index, follow, max-snippet:-1, max-image-preview:large, max-video-preview:-1\" \/>\n<link rel=\"canonical\" href=\"https:\/\/esg2go.org\/fr\/impressum\/\" \/>\n<meta property=\"og:locale\" content=\"fr_FR\" \/>\n<meta property=\"og:type\" content=\"article\" \/>\n<meta property=\"og:title\" content=\"Impressum | esg2go\" \/>\n<meta property=\"og:description\" content=\"ImpressumAdresse de contact Adjumed Services AGBirmensdorferstrasse 4708055 Z\u00fcrichSuisse E-Mail:impressum@esg2go.com Personne(s) habilit\u00e9e(s) \u00e0 repr\u00e9senter l&#039;association Dr. Luzi Rageth, CEO Inscription au registre du commerce Nom de l&#039;entreprise enregistr\u00e9e :Adjumed Services AG Num\u00e9ro d&#039;identification de l&#039;entreprise (UID) :CHE-108.465.076 Num\u00e9ro de TVACHE-108.465.076 TVA Contact technique Amplus WP-Praxishttps:\/\/amplus.ch\/ Clause de non-responsabilit\u00e9 L&#039;auteur n&#039;assume aucune responsabilit\u00e9 quant \u00e0 la v\u00e9racit\u00e9, [&hellip;]\" \/>\n<meta property=\"og:url\" content=\"https:\/\/esg2go.org\/fr\/impressum\/\" \/>\n<meta property=\"og:site_name\" content=\"esg2go\" \/>\n<meta property=\"article:modified_time\" content=\"2024-06-13T18:48:15+00:00\" \/>\n<meta name=\"twitter:card\" content=\"summary_large_image\" \/>\n<meta name=\"twitter:label1\" content=\"Dur\u00e9e de lecture estim\u00e9e\" \/>\n\t<meta name=\"twitter:data1\" content=\"3 minutes\" \/>\n<script type=\"application\/ld+json\" class=\"yoast-schema-graph\">{\"@context\":\"https:\\\/\\\/schema.org\",\"@graph\":[{\"@type\":\"WebPage\",\"@id\":\"https:\\\/\\\/esg2go.org\\\/fr\\\/impressum\\\/\",\"url\":\"https:\\\/\\\/esg2go.org\\\/fr\\\/impressum\\\/\",\"name\":\"Impressum | esg2go\",\"isPartOf\":{\"@id\":\"https:\\\/\\\/esg2go.org\\\/fr\\\/#website\"},\"datePublished\":\"2022-01-24T09:13:36+00:00\",\"dateModified\":\"2024-06-13T18:48:15+00:00\",\"breadcrumb\":{\"@id\":\"https:\\\/\\\/esg2go.org\\\/fr\\\/impressum\\\/#breadcrumb\"},\"inLanguage\":\"fr-FR\",\"potentialAction\":[{\"@type\":\"ReadAction\",\"target\":[\"https:\\\/\\\/esg2go.org\\\/fr\\\/impressum\\\/\"]}]},{\"@type\":\"BreadcrumbList\",\"@id\":\"https:\\\/\\\/esg2go.org\\\/fr\\\/impressum\\\/#breadcrumb\",\"itemListElement\":[{\"@type\":\"ListItem\",\"position\":1,\"name\":\"Startseite\",\"item\":\"https:\\\/\\\/esg2go.org\\\/fr\\\/page-daccueil-esg2go\\\/\"},{\"@type\":\"ListItem\",\"position\":2,\"name\":\"Impressum\"}]},{\"@type\":\"WebSite\",\"@id\":\"https:\\\/\\\/esg2go.org\\\/fr\\\/#website\",\"url\":\"https:\\\/\\\/esg2go.org\\\/fr\\\/\",\"name\":\"esg2go\",\"description\":\"Der einfache Nachhaltigkeitsnachweis f\u00fcr KMU\",\"publisher\":{\"@id\":\"https:\\\/\\\/esg2go.org\\\/fr\\\/#organization\"},\"potentialAction\":[{\"@type\":\"SearchAction\",\"target\":{\"@type\":\"EntryPoint\",\"urlTemplate\":\"https:\\\/\\\/esg2go.org\\\/fr\\\/?s={search_term_string}\"},\"query-input\":{\"@type\":\"PropertyValueSpecification\",\"valueRequired\":true,\"valueName\":\"search_term_string\"}}],\"inLanguage\":\"fr-FR\"},{\"@type\":\"Organization\",\"@id\":\"https:\\\/\\\/esg2go.org\\\/fr\\\/#organization\",\"name\":\"esg2go\",\"url\":\"https:\\\/\\\/esg2go.org\\\/fr\\\/\",\"logo\":{\"@type\":\"ImageObject\",\"inLanguage\":\"fr-FR\",\"@id\":\"https:\\\/\\\/esg2go.org\\\/fr\\\/#\\\/schema\\\/logo\\\/image\\\/\",\"url\":\"https:\\\/\\\/esg2go.org\\\/wp-content\\\/uploads\\\/2024\\\/05\\\/favicon-esg2go.png\",\"contentUrl\":\"https:\\\/\\\/esg2go.org\\\/wp-content\\\/uploads\\\/2024\\\/05\\\/favicon-esg2go.png\",\"width\":512,\"height\":512,\"caption\":\"esg2go\"},\"image\":{\"@id\":\"https:\\\/\\\/esg2go.org\\\/fr\\\/#\\\/schema\\\/logo\\\/image\\\/\"},\"sameAs\":[\"https:\\\/\\\/www.linkedin.com\\\/company\\\/esg2go\"]}]}<\/script>\n<!-- \/ Yoast SEO plugin. -->","yoast_head_json":{"title":"Impressum | esg2go","robots":{"index":"index","follow":"follow","max-snippet":"max-snippet:-1","max-image-preview":"max-image-preview:large","max-video-preview":"max-video-preview:-1"},"canonical":"https:\/\/esg2go.org\/fr\/impressum\/","og_locale":"fr_FR","og_type":"article","og_title":"Impressum | esg2go","og_description":"ImpressumAdresse de contact Adjumed Services AGBirmensdorferstrasse 4708055 Z\u00fcrichSuisse E-Mail:impressum@esg2go.com Personne(s) habilit\u00e9e(s) \u00e0 repr\u00e9senter l'association Dr. Luzi Rageth, CEO Inscription au registre du commerce Nom de l'entreprise enregistr\u00e9e :Adjumed Services AG Num\u00e9ro d'identification de l'entreprise (UID) :CHE-108.465.076 Num\u00e9ro de TVACHE-108.465.076 TVA Contact technique Amplus WP-Praxishttps:\/\/amplus.ch\/ Clause de non-responsabilit\u00e9 L'auteur n'assume aucune responsabilit\u00e9 quant \u00e0 la v\u00e9racit\u00e9, [&hellip;]","og_url":"https:\/\/esg2go.org\/fr\/impressum\/","og_site_name":"esg2go","article_modified_time":"2024-06-13T18:48:15+00:00","twitter_card":"summary_large_image","twitter_misc":{"Dur\u00e9e de lecture estim\u00e9e":"3 minutes"},"schema":{"@context":"https:\/\/schema.org","@graph":[{"@type":"WebPage","@id":"https:\/\/esg2go.org\/fr\/impressum\/","url":"https:\/\/esg2go.org\/fr\/impressum\/","name":"Impressum | esg2go","isPartOf":{"@id":"https:\/\/esg2go.org\/fr\/#website"},"datePublished":"2022-01-24T09:13:36+00:00","dateModified":"2024-06-13T18:48:15+00:00","breadcrumb":{"@id":"https:\/\/esg2go.org\/fr\/impressum\/#breadcrumb"},"inLanguage":"fr-FR","potentialAction":[{"@type":"ReadAction","target":["https:\/\/esg2go.org\/fr\/impressum\/"]}]},{"@type":"BreadcrumbList","@id":"https:\/\/esg2go.org\/fr\/impressum\/#breadcrumb","itemListElement":[{"@type":"ListItem","position":1,"name":"Startseite","item":"https:\/\/esg2go.org\/fr\/page-daccueil-esg2go\/"},{"@type":"ListItem","position":2,"name":"Impressum"}]},{"@type":"WebSite","@id":"https:\/\/esg2go.org\/fr\/#website","url":"https:\/\/esg2go.org\/fr\/","name":"esg2go","description":"Der einfache Nachhaltigkeitsnachweis f\u00fcr KMU","publisher":{"@id":"https:\/\/esg2go.org\/fr\/#organization"},"potentialAction":[{"@type":"SearchAction","target":{"@type":"EntryPoint","urlTemplate":"https:\/\/esg2go.org\/fr\/?s={search_term_string}"},"query-input":{"@type":"PropertyValueSpecification","valueRequired":true,"valueName":"search_term_string"}}],"inLanguage":"fr-FR"},{"@type":"Organization","@id":"https:\/\/esg2go.org\/fr\/#organization","name":"esg2go","url":"https:\/\/esg2go.org\/fr\/","logo":{"@type":"ImageObject","inLanguage":"fr-FR","@id":"https:\/\/esg2go.org\/fr\/#\/schema\/logo\/image\/","url":"https:\/\/esg2go.org\/wp-content\/uploads\/2024\/05\/favicon-esg2go.png","contentUrl":"https:\/\/esg2go.org\/wp-content\/uploads\/2024\/05\/favicon-esg2go.png","width":512,"height":512,"caption":"esg2go"},"image":{"@id":"https:\/\/esg2go.org\/fr\/#\/schema\/logo\/image\/"},"sameAs":["https:\/\/www.linkedin.com\/company\/esg2go"]}]}},"_links":{"self":[{"href":"https:\/\/esg2go.org\/fr\/wp-json\/wp\/v2\/pages\/1355","targetHints":{"allow":["GET"]}}],"collection":[{"href":"https:\/\/esg2go.org\/fr\/wp-json\/wp\/v2\/pages"}],"about":[{"href":"https:\/\/esg2go.org\/fr\/wp-json\/wp\/v2\/types\/page"}],"author":[{"embeddable":true,"href":"https:\/\/esg2go.org\/fr\/wp-json\/wp\/v2\/users\/1"}],"replies":[{"embeddable":true,"href":"https:\/\/esg2go.org\/fr\/wp-json\/wp\/v2\/comments?post=1355"}],"version-history":[{"count":21,"href":"https:\/\/esg2go.org\/fr\/wp-json\/wp\/v2\/pages\/1355\/revisions"}],"predecessor-version":[{"id":6914,"href":"https:\/\/esg2go.org\/fr\/wp-json\/wp\/v2\/pages\/1355\/revisions\/6914"}],"wp:attachment":[{"href":"https:\/\/esg2go.org\/fr\/wp-json\/wp\/v2\/media?parent=1355"}],"curies":[{"name":"wp","href":"https:\/\/api.w.org\/{rel}","templated":true}]}}