{"id":7309,"date":"2022-01-24T09:13:36","date_gmt":"2022-01-24T09:13:36","guid":{"rendered":"https:\/\/esg2go.org\/pie-de-imprenta\/"},"modified":"2024-08-08T14:28:19","modified_gmt":"2024-08-08T14:28:19","slug":"pie-de-imprenta","status":"publish","type":"page","link":"https:\/\/esg2go.org\/es\/pie-de-imprenta\/","title":{"rendered":"Pie de imprenta"},"content":{"rendered":"<p>[et_pb_section fb_built=\u00bb1&#8243; admin_label=\u00bb1.absatz\u00bb _builder_version=\u00bb4.25.1&#8243; background_color=\u00bb#FFFFFF\u00bb animation_style=\u00bbslide\u00bb animation_direction=\u00bbbottom\u00bb animation_delay=\u00bb100ms\u00bb animation_intensity_slide=\u00bb12%\u00bb animation_starting_opacity=\u00bb80%\u00bb locked=\u00bboff\u00bb global_colors_info=\u00bb{}\u00bb][et_pb_row disabled_on=\u00bboff|off|off\u00bb _builder_version=\u00bb4.16&#8243; global_colors_info=\u00bb{}\u00bb][et_pb_column type=\u00bb4_4&#8243; _builder_version=\u00bb4.16&#8243; global_colors_info=\u00bb{}\u00bb][et_pb_text _builder_version=\u00bb4.25.1&#8243; text_font_size=\u00bb22px\u00bb text_line_height=\u00bb1.8em\u00bb header_font=\u00bbHeebo|900|||||||\u00bb header_text_color=\u00bb#5869BD\u00bb header_font_size=\u00bb66px\u00bb header_2_font=\u00bbHeebo|900|||||||\u00bb header_2_font_size=\u00bb48px\u00bb header_2_line_height=\u00bb1.3em\u00bb header_3_font_size=\u00bb36px\u00bb custom_padding_tablet=\u00bb|||0px|false|false\u00bb custom_padding_last_edited=\u00bboff|desktop\u00bb text_font_size_tablet=\u00bb20px\u00bb text_font_size_phone=\u00bb18px\u00bb text_font_size_last_edited=\u00bbon|phone\u00bb header_font_size_tablet=\u00bb48px\u00bb header_font_size_phone=\u00bb32px\u00bb header_font_size_last_edited=\u00bbon|tablet\u00bb header_2_font_size_tablet=\u00bb40px\u00bb header_2_font_size_phone=\u00bb32px\u00bb header_2_font_size_last_edited=\u00bbon|desktop\u00bb header_3_font_size_tablet=\u00bb28px\u00bb header_3_font_size_phone=\u00bb24px\u00bb header_3_font_size_last_edited=\u00bbon|phone\u00bb locked=\u00bboff\u00bb global_colors_info=\u00bb{}\u00bb]<\/p>\n<h1>Pie de imprenta<span><\/span><\/h1>\n<p>[\/et_pb_text][\/et_pb_column][\/et_pb_row][\/et_pb_section][et_pb_section fb_built=\u00bb1&#8243; admin_label=\u00bbFeatures\u00bb _builder_version=\u00bb4.16&#8243; global_colors_info=\u00bb{}\u00bb][et_pb_row _builder_version=\u00bb4.16&#8243; locked=\u00bboff\u00bb global_colors_info=\u00bb{}\u00bb][et_pb_column type=\u00bb4_4&#8243; _builder_version=\u00bb4.16&#8243; global_colors_info=\u00bb{}\u00bb][et_pb_text _builder_version=\u00bb4.21.0&#8243; text_font_size=\u00bb18px\u00bb text_line_height=\u00bb1.8em\u00bb header_2_font=\u00bbHeebo|900|||||||\u00bb header_2_font_size=\u00bb42px\u00bb header_2_letter_spacing=\u00bb1px\u00bb header_2_line_height=\u00bb1.3em\u00bb custom_padding_tablet=\u00bb|||0px|false|false\u00bb custom_padding_last_edited=\u00bboff|desktop\u00bb text_font_size_tablet=\u00bb18px\u00bb text_font_size_phone=\u00bb16px\u00bb text_font_size_last_edited=\u00bbon|phone\u00bb header_2_font_size_tablet=\u00bb32px\u00bb header_2_font_size_phone=\u00bb28px\u00bb header_2_font_size_last_edited=\u00bbon|phone\u00bb locked=\u00bboff\u00bb global_colors_info=\u00bb{}\u00bb]<\/p>\n<h2>Direcci\u00f3n de contacto<\/h2>\n<p>Adjumed Services AG <br \/>Birmensdorferstrasse 470 <br \/>8055 Z\u00farich Suiza<\/p>\n<p>Correo electr\u00f3nico:<a href=\"mailto:impressum@esg2go.com\">impressum@esg2go.com<\/a><\/p>\n<h2>Representante(s) autorizado(s)<\/h2>\n<p>Dr. Luzi Rageth, Director General<\/p>\n<h2>Inscripci\u00f3n en el registro mercantil<\/h2>\n<p>Raz\u00f3n social:<strong>Adjumed Services AG<\/strong><\/p>\n<p>N\u00famero de empresa (UID): <strong>CHE-108.465.076<\/strong><\/p>\n<p>N\u00famero de IVA <strong>CHE-108.465.076 IVA<\/strong><\/p>\n<h2>Contacto t\u00e9cnico<\/h2>\n<p>Amplus WP-Praxis<a href=\"https:\/\/amplus.ch\/\" target=\"_blank\" rel=\"noopener\">https:\/\/amplus.ch\/<\/a><\/p>\n<h2>Descargo de responsabilidad<\/h2>\n<p>El autor no asume responsabilidad alguna con respecto a la exactitud, precisi\u00f3n, actualizaci\u00f3n, fiabilidad e integridad de la informaci\u00f3n.<\/p>\n<p>Quedan excluidas las reclamaciones de responsabilidad contra el autor por da\u00f1os de naturaleza material o inmaterial derivados del acceso, uso o no uso de la informaci\u00f3n publicada, por mal uso de la conexi\u00f3n o por fallos t\u00e9cnicos.<\/p>\n<p>Todas las ofertas son sin compromiso. El autor se reserva expresamente el derecho a modificar, completar o eliminar partes de las p\u00e1ginas o toda la oferta sin previo aviso especial, o a cesar la publicaci\u00f3n temporal o definitivamente. <\/p>\n<h2>Descargo de responsabilidad para los enlaces<\/h2>\n<p>Las referencias y enlaces a sitios web de terceros est\u00e1n fuera de nuestro \u00e1mbito de responsabilidad. Se rechaza cualquier responsabilidad sobre dichos sitios web. El acceso y uso de dichos sitios web se realiza por cuenta y riesgo del usuario.  <\/p>\n<h2>Derechos de autor<\/h2>\n<p>El copyright y todos los dem\u00e1s derechos sobre el contenido, im\u00e1genes, fotos u otros archivos de este sitio web pertenecen exclusivamente <strong>a Adjumed Services AG<\/strong> o a los titulares de los derechos espec\u00edficamente mencionados. Debe obtenerse previamente el consentimiento por escrito del titular de los derechos de autor para la reproducci\u00f3n de cualquier elemento. <\/p>\n<p>Fuente: <a href=\"https:\/\/www.swissanwalt.ch\/\" target=\"_blank\" rel=\"noopener\">SwissAnwalt<\/a><\/p>\n<p>[\/et_pb_text][\/et_pb_column][\/et_pb_row][\/et_pb_section]<\/p>\n","protected":false},"excerpt":{"rendered":"<p>Pie de imprentaDirecci\u00f3n de contacto Adjumed Services AG Birmensdorferstrasse 470 8055 Z\u00farich Suiza Correo electr\u00f3nico:impressum@esg2go.com Representante(s) autorizado(s) Dr. Luzi Rageth, Director General Inscripci\u00f3n en el registro mercantil Raz\u00f3n social:Adjumed Services AG N\u00famero de empresa (UID): CHE-108.465.076 N\u00famero de IVA CHE-108.465.076 IVA Contacto t\u00e9cnico Amplus WP-Praxishttps:\/\/amplus.ch\/ Descargo de responsabilidad El autor no asume responsabilidad alguna con [&hellip;]<\/p>\n","protected":false},"author":1,"featured_media":0,"parent":0,"menu_order":0,"comment_status":"closed","ping_status":"closed","template":"","meta":{"_et_pb_use_builder":"on","_et_pb_old_content":"","_et_gb_content_width":"","footnotes":""},"class_list":["post-7309","page","type-page","status-publish","hentry"],"yoast_head":"<!-- This site is optimized with the Yoast SEO plugin v27.4 - https:\/\/yoast.com\/product\/yoast-seo-wordpress\/ -->\n<title>Pie de imprenta | esg2go<\/title>\n<meta name=\"robots\" content=\"index, follow, max-snippet:-1, max-image-preview:large, max-video-preview:-1\" \/>\n<link rel=\"canonical\" href=\"https:\/\/esg2go.org\/es\/pie-de-imprenta\/\" \/>\n<meta property=\"og:locale\" content=\"es_ES\" \/>\n<meta property=\"og:type\" content=\"article\" \/>\n<meta property=\"og:title\" content=\"Pie de imprenta | esg2go\" \/>\n<meta property=\"og:description\" content=\"Pie de imprentaDirecci\u00f3n de contacto Adjumed Services AG Birmensdorferstrasse 470 8055 Z\u00farich Suiza Correo electr\u00f3nico:impressum@esg2go.com Representante(s) autorizado(s) Dr. Luzi Rageth, Director General Inscripci\u00f3n en el registro mercantil Raz\u00f3n social:Adjumed Services AG N\u00famero de empresa (UID): CHE-108.465.076 N\u00famero de IVA CHE-108.465.076 IVA Contacto t\u00e9cnico Amplus WP-Praxishttps:\/\/amplus.ch\/ Descargo de responsabilidad El autor no asume responsabilidad alguna con [&hellip;]\" \/>\n<meta property=\"og:url\" content=\"https:\/\/esg2go.org\/es\/pie-de-imprenta\/\" \/>\n<meta property=\"og:site_name\" content=\"esg2go\" \/>\n<meta property=\"article:modified_time\" content=\"2024-08-08T14:28:19+00:00\" \/>\n<meta name=\"twitter:card\" content=\"summary_large_image\" \/>\n<meta name=\"twitter:label1\" content=\"Tiempo de lectura\" \/>\n\t<meta name=\"twitter:data1\" content=\"3 minutos\" \/>\n<script type=\"application\/ld+json\" class=\"yoast-schema-graph\">{\"@context\":\"https:\\\/\\\/schema.org\",\"@graph\":[{\"@type\":\"WebPage\",\"@id\":\"https:\\\/\\\/esg2go.org\\\/es\\\/pie-de-imprenta\\\/\",\"url\":\"https:\\\/\\\/esg2go.org\\\/es\\\/pie-de-imprenta\\\/\",\"name\":\"Pie de imprenta | esg2go\",\"isPartOf\":{\"@id\":\"https:\\\/\\\/esg2go.org\\\/es\\\/#website\"},\"datePublished\":\"2022-01-24T09:13:36+00:00\",\"dateModified\":\"2024-08-08T14:28:19+00:00\",\"breadcrumb\":{\"@id\":\"https:\\\/\\\/esg2go.org\\\/es\\\/pie-de-imprenta\\\/#breadcrumb\"},\"inLanguage\":\"es\",\"potentialAction\":[{\"@type\":\"ReadAction\",\"target\":[\"https:\\\/\\\/esg2go.org\\\/es\\\/pie-de-imprenta\\\/\"]}]},{\"@type\":\"BreadcrumbList\",\"@id\":\"https:\\\/\\\/esg2go.org\\\/es\\\/pie-de-imprenta\\\/#breadcrumb\",\"itemListElement\":[{\"@type\":\"ListItem\",\"position\":1,\"name\":\"Startseite\",\"item\":\"https:\\\/\\\/esg2go.org\\\/es\\\/pagina-de-inicio-de-esg2go\\\/\"},{\"@type\":\"ListItem\",\"position\":2,\"name\":\"Pie de imprenta\"}]},{\"@type\":\"WebSite\",\"@id\":\"https:\\\/\\\/esg2go.org\\\/es\\\/#website\",\"url\":\"https:\\\/\\\/esg2go.org\\\/es\\\/\",\"name\":\"esg2go\",\"description\":\"Der einfache Nachhaltigkeitsnachweis f\u00fcr KMU\",\"publisher\":{\"@id\":\"https:\\\/\\\/esg2go.org\\\/es\\\/#organization\"},\"potentialAction\":[{\"@type\":\"SearchAction\",\"target\":{\"@type\":\"EntryPoint\",\"urlTemplate\":\"https:\\\/\\\/esg2go.org\\\/es\\\/?s={search_term_string}\"},\"query-input\":{\"@type\":\"PropertyValueSpecification\",\"valueRequired\":true,\"valueName\":\"search_term_string\"}}],\"inLanguage\":\"es\"},{\"@type\":\"Organization\",\"@id\":\"https:\\\/\\\/esg2go.org\\\/es\\\/#organization\",\"name\":\"esg2go\",\"url\":\"https:\\\/\\\/esg2go.org\\\/es\\\/\",\"logo\":{\"@type\":\"ImageObject\",\"inLanguage\":\"es\",\"@id\":\"https:\\\/\\\/esg2go.org\\\/es\\\/#\\\/schema\\\/logo\\\/image\\\/\",\"url\":\"https:\\\/\\\/esg2go.org\\\/wp-content\\\/uploads\\\/2024\\\/05\\\/favicon-esg2go.png\",\"contentUrl\":\"https:\\\/\\\/esg2go.org\\\/wp-content\\\/uploads\\\/2024\\\/05\\\/favicon-esg2go.png\",\"width\":512,\"height\":512,\"caption\":\"esg2go\"},\"image\":{\"@id\":\"https:\\\/\\\/esg2go.org\\\/es\\\/#\\\/schema\\\/logo\\\/image\\\/\"},\"sameAs\":[\"https:\\\/\\\/www.linkedin.com\\\/company\\\/esg2go\"]}]}<\/script>\n<!-- \/ Yoast SEO plugin. -->","yoast_head_json":{"title":"Pie de imprenta | esg2go","robots":{"index":"index","follow":"follow","max-snippet":"max-snippet:-1","max-image-preview":"max-image-preview:large","max-video-preview":"max-video-preview:-1"},"canonical":"https:\/\/esg2go.org\/es\/pie-de-imprenta\/","og_locale":"es_ES","og_type":"article","og_title":"Pie de imprenta | esg2go","og_description":"Pie de imprentaDirecci\u00f3n de contacto Adjumed Services AG Birmensdorferstrasse 470 8055 Z\u00farich Suiza Correo electr\u00f3nico:impressum@esg2go.com Representante(s) autorizado(s) Dr. Luzi Rageth, Director General Inscripci\u00f3n en el registro mercantil Raz\u00f3n social:Adjumed Services AG N\u00famero de empresa (UID): CHE-108.465.076 N\u00famero de IVA CHE-108.465.076 IVA Contacto t\u00e9cnico Amplus WP-Praxishttps:\/\/amplus.ch\/ Descargo de responsabilidad El autor no asume responsabilidad alguna con [&hellip;]","og_url":"https:\/\/esg2go.org\/es\/pie-de-imprenta\/","og_site_name":"esg2go","article_modified_time":"2024-08-08T14:28:19+00:00","twitter_card":"summary_large_image","twitter_misc":{"Tiempo de lectura":"3 minutos"},"schema":{"@context":"https:\/\/schema.org","@graph":[{"@type":"WebPage","@id":"https:\/\/esg2go.org\/es\/pie-de-imprenta\/","url":"https:\/\/esg2go.org\/es\/pie-de-imprenta\/","name":"Pie de imprenta | esg2go","isPartOf":{"@id":"https:\/\/esg2go.org\/es\/#website"},"datePublished":"2022-01-24T09:13:36+00:00","dateModified":"2024-08-08T14:28:19+00:00","breadcrumb":{"@id":"https:\/\/esg2go.org\/es\/pie-de-imprenta\/#breadcrumb"},"inLanguage":"es","potentialAction":[{"@type":"ReadAction","target":["https:\/\/esg2go.org\/es\/pie-de-imprenta\/"]}]},{"@type":"BreadcrumbList","@id":"https:\/\/esg2go.org\/es\/pie-de-imprenta\/#breadcrumb","itemListElement":[{"@type":"ListItem","position":1,"name":"Startseite","item":"https:\/\/esg2go.org\/es\/pagina-de-inicio-de-esg2go\/"},{"@type":"ListItem","position":2,"name":"Pie de imprenta"}]},{"@type":"WebSite","@id":"https:\/\/esg2go.org\/es\/#website","url":"https:\/\/esg2go.org\/es\/","name":"esg2go","description":"Der einfache Nachhaltigkeitsnachweis f\u00fcr KMU","publisher":{"@id":"https:\/\/esg2go.org\/es\/#organization"},"potentialAction":[{"@type":"SearchAction","target":{"@type":"EntryPoint","urlTemplate":"https:\/\/esg2go.org\/es\/?s={search_term_string}"},"query-input":{"@type":"PropertyValueSpecification","valueRequired":true,"valueName":"search_term_string"}}],"inLanguage":"es"},{"@type":"Organization","@id":"https:\/\/esg2go.org\/es\/#organization","name":"esg2go","url":"https:\/\/esg2go.org\/es\/","logo":{"@type":"ImageObject","inLanguage":"es","@id":"https:\/\/esg2go.org\/es\/#\/schema\/logo\/image\/","url":"https:\/\/esg2go.org\/wp-content\/uploads\/2024\/05\/favicon-esg2go.png","contentUrl":"https:\/\/esg2go.org\/wp-content\/uploads\/2024\/05\/favicon-esg2go.png","width":512,"height":512,"caption":"esg2go"},"image":{"@id":"https:\/\/esg2go.org\/es\/#\/schema\/logo\/image\/"},"sameAs":["https:\/\/www.linkedin.com\/company\/esg2go"]}]}},"_links":{"self":[{"href":"https:\/\/esg2go.org\/es\/wp-json\/wp\/v2\/pages\/7309","targetHints":{"allow":["GET"]}}],"collection":[{"href":"https:\/\/esg2go.org\/es\/wp-json\/wp\/v2\/pages"}],"about":[{"href":"https:\/\/esg2go.org\/es\/wp-json\/wp\/v2\/types\/page"}],"author":[{"embeddable":true,"href":"https:\/\/esg2go.org\/es\/wp-json\/wp\/v2\/users\/1"}],"replies":[{"embeddable":true,"href":"https:\/\/esg2go.org\/es\/wp-json\/wp\/v2\/comments?post=7309"}],"version-history":[{"count":5,"href":"https:\/\/esg2go.org\/es\/wp-json\/wp\/v2\/pages\/7309\/revisions"}],"predecessor-version":[{"id":7430,"href":"https:\/\/esg2go.org\/es\/wp-json\/wp\/v2\/pages\/7309\/revisions\/7430"}],"wp:attachment":[{"href":"https:\/\/esg2go.org\/es\/wp-json\/wp\/v2\/media?parent=7309"}],"curies":[{"name":"wp","href":"https:\/\/api.w.org\/{rel}","templated":true}]}}